{"id":690,"date":"2023-11-02T10:48:45","date_gmt":"2023-11-02T09:48:45","guid":{"rendered":"https:\/\/bray-bocage-education.com\/?page_id=690"},"modified":"2023-11-02T10:56:46","modified_gmt":"2023-11-02T09:56:46","slug":"qui-suis-je","status":"publish","type":"page","link":"https:\/\/bray-bocage-education.com\/index.php\/qui-suis-je\/","title":{"rendered":"Qui suis-je?"},"content":{"rendered":"\t\t<div data-elementor-type=\"wp-page\" data-elementor-id=\"690\" class=\"elementor elementor-690\">\n\t\t\t\t<div class=\"elementor-element elementor-element-11dffe7 e-flex e-con-boxed e-con e-parent\" data-id=\"11dffe7\" data-element_type=\"container\" data-e-type=\"container\">\n\t\t\t\t\t<div class=\"e-con-inner\">\n\t\t\t\t<div class=\"elementor-element elementor-element-a2b1022 elementor-widget elementor-widget-text-editor\" data-id=\"a2b1022\" data-element_type=\"widget\" data-e-type=\"widget\" data-widget_type=\"text-editor.default\">\n\t\t\t\t<div class=\"elementor-widget-container\">\n\t\t\t\t\t\t\t\t\t<p>Je m\u2019appelle Anne GIOVANNINI. Je ne vous ferais pas le lai\u00fcs ordinaire<\/p><p>\u00ab\u00a0Depuis ma plus tendre enfance, j\u2019ai toujours aim\u00e9 les chiens\u2026 etc\u00a0\u00bb.<\/p>\t\t\t\t\t\t\t\t<\/div>\n\t\t\t\t<\/div>\n\t\t\t\t\t<\/div>\n\t\t\t\t<\/div>\n\t\t<div class=\"elementor-element elementor-element-9fde204 e-flex e-con-boxed e-con e-parent\" data-id=\"9fde204\" data-element_type=\"container\" data-e-type=\"container\">\n\t\t\t\t\t<div class=\"e-con-inner\">\n\t\t<div class=\"elementor-element elementor-element-83ef63d e-con-full e-flex e-con e-child\" data-id=\"83ef63d\" data-element_type=\"container\" data-e-type=\"container\">\n\t\t\t\t<div class=\"elementor-element elementor-element-c06a83c elementor-widget elementor-widget-image\" data-id=\"c06a83c\" data-element_type=\"widget\" data-e-type=\"widget\" data-widget_type=\"image.default\">\n\t\t\t\t<div class=\"elementor-widget-container\">\n\t\t\t\t\t\t\t\t\t\t\t\t\t\t\t<img fetchpriority=\"high\" decoding=\"async\" width=\"373\" height=\"280\" src=\"https:\/\/bray-bocage-education.com\/wp-content\/uploads\/2023\/10\/271660322_309476030971545_6894778251878847211_n.jpg\" class=\"attachment-large size-large wp-image-654\" alt=\"education canine\" srcset=\"https:\/\/bray-bocage-education.com\/wp-content\/uploads\/2023\/10\/271660322_309476030971545_6894778251878847211_n.jpg 373w, https:\/\/bray-bocage-education.com\/wp-content\/uploads\/2023\/10\/271660322_309476030971545_6894778251878847211_n-300x225.jpg 300w\" sizes=\"(max-width: 373px) 100vw, 373px\" \/>\t\t\t\t\t\t\t\t\t\t\t\t\t\t\t<\/div>\n\t\t\t\t<\/div>\n\t\t\t\t<\/div>\n\t\t<div class=\"elementor-element elementor-element-bba50a3 e-con-full e-flex e-con e-child\" data-id=\"bba50a3\" data-element_type=\"container\" data-e-type=\"container\">\n\t\t\t\t<div class=\"elementor-element elementor-element-6e2be57 elementor-widget elementor-widget-text-editor\" data-id=\"6e2be57\" data-element_type=\"widget\" data-e-type=\"widget\" data-widget_type=\"text-editor.default\">\n\t\t\t\t<div class=\"elementor-widget-container\">\n\t\t\t\t\t\t\t\t\t<p>Il est bien \u00e9vident que lorsqu\u2019on en arrive \u00e0 faire ce m\u00e9tier, c\u2019est au-del\u00e0 de l\u2019amour des chiens. C\u2019est servir une cause.<\/p><p>C\u2019est aussi et surtout se mettre aussi au service des humains de ces chiens, les comprendre, trouver pourquoi ce chien est entr\u00e9 dans leur vie et pose parfois des probl\u00e8mes et les aider \u00e0 progresser, faire \u00e9voluer leurs repr\u00e9sentations. Parfois c\u2019est simplement les accompagner, leur donner confiance en ce qu\u2019ils font. Pour faire ce m\u00e9tier, il ne faut pas qu\u2019aimer les chiens, il faut aimer aussi les humains.<\/p>\t\t\t\t\t\t\t\t<\/div>\n\t\t\t\t<\/div>\n\t\t\t\t<\/div>\n\t\t\t\t\t<\/div>\n\t\t\t\t<\/div>\n\t\t<div class=\"elementor-element elementor-element-f984f38 e-flex e-con-boxed e-con e-parent\" data-id=\"f984f38\" data-element_type=\"container\" data-e-type=\"container\">\n\t\t\t\t\t<div class=\"e-con-inner\">\n\t\t<div class=\"elementor-element elementor-element-7d7071b e-con-full e-flex e-con e-child\" data-id=\"7d7071b\" data-element_type=\"container\" data-e-type=\"container\">\n\t\t\t\t<div class=\"elementor-element elementor-element-e854c6b elementor-widget elementor-widget-text-editor\" data-id=\"e854c6b\" data-element_type=\"widget\" data-e-type=\"widget\" data-widget_type=\"text-editor.default\">\n\t\t\t\t<div class=\"elementor-widget-container\">\n\t\t\t\t\t\t\t\t\t<p>Je suis v\u00e9ritablement entr\u00e9e dans le monde du chien par l\u2019\u00e9levage de beagles en 2008 avec ma premi\u00e8re port\u00e9e, l\u2019aventure continue depuis et mes chiens et chiots ont \u00e9t\u00e9 et sont mes meilleurs professeurs.<\/p><p>Puis j\u2019ai pass\u00e9 les classiques monitorats d\u2019\u00e9ducation canine, \u00e9cole du chiot et agility en club canin.<\/p><p>J\u2019ai tr\u00e8s vite manqu\u00e9 de libert\u00e9 dans ma fa\u00e7on de dispenser les cours et pour transmettre une conception du chien allant au-del\u00e0 du chien \u00ab\u00a0bien \u00e9duqu\u00e9\u00a0\u00bb.<\/p><p>La pratique de l\u2019agility en comp\u00e9tition pendant 10 ans avec D\u00e9cibel, son fils Indy, Galaxie puis Inou\u00efe la tervueren, en plus de me procurer beaucoup de plaisir, m\u2019a permis de ma\u00eetriser le cliker training, de comprendre le fonctionnement de la motivation du chien, de percevoir la n\u00e9cessit\u00e9 de s\u2019adapter \u00e0 chaque chien et chaque bin\u00f4me. J\u2019ai r\u00e9alis\u00e9 des stages avec Sylvain Jacquemin, Sasha Grunder et la classe en ligne running d\u2019Agn\u00e8s Berthe. C\u2019est un sport passionnant, mais tr\u00e8s chronophage quand on le pratique en concours.<\/p>\t\t\t\t\t\t\t\t<\/div>\n\t\t\t\t<\/div>\n\t\t\t\t<\/div>\n\t\t<div class=\"elementor-element elementor-element-c82e320 e-con-full e-flex e-con e-child\" data-id=\"c82e320\" data-element_type=\"container\" data-e-type=\"container\">\n\t\t\t\t<div class=\"elementor-element elementor-element-f3f5e23 elementor-widget elementor-widget-image\" data-id=\"f3f5e23\" data-element_type=\"widget\" data-e-type=\"widget\" data-widget_type=\"image.default\">\n\t\t\t\t<div class=\"elementor-widget-container\">\n\t\t\t\t\t\t\t\t\t\t\t\t\t\t\t<img decoding=\"async\" width=\"1024\" height=\"683\" src=\"https:\/\/bray-bocage-education.com\/wp-content\/uploads\/2023\/09\/roosevelt-1024x683.jpg\" class=\"attachment-large size-large wp-image-375\" alt=\"elevage chien beagle\" srcset=\"https:\/\/bray-bocage-education.com\/wp-content\/uploads\/2023\/09\/roosevelt-1024x683.jpg 1024w, https:\/\/bray-bocage-education.com\/wp-content\/uploads\/2023\/09\/roosevelt-300x200.jpg 300w, https:\/\/bray-bocage-education.com\/wp-content\/uploads\/2023\/09\/roosevelt-768x512.jpg 768w, https:\/\/bray-bocage-education.com\/wp-content\/uploads\/2023\/09\/roosevelt-1536x1025.jpg 1536w, https:\/\/bray-bocage-education.com\/wp-content\/uploads\/2023\/09\/roosevelt-600x400.jpg 600w, https:\/\/bray-bocage-education.com\/wp-content\/uploads\/2023\/09\/roosevelt.jpg 1686w\" sizes=\"(max-width: 1024px) 100vw, 1024px\" \/>\t\t\t\t\t\t\t\t\t\t\t\t\t\t\t<\/div>\n\t\t\t\t<\/div>\n\t\t\t\t<div class=\"elementor-element elementor-element-f3795be elementor-widget elementor-widget-image\" data-id=\"f3795be\" data-element_type=\"widget\" data-e-type=\"widget\" data-widget_type=\"image.default\">\n\t\t\t\t<div class=\"elementor-widget-container\">\n\t\t\t\t\t\t\t\t\t\t\t\t\t\t\t<img decoding=\"async\" width=\"1024\" height=\"683\" src=\"https:\/\/bray-bocage-education.com\/wp-content\/uploads\/2023\/09\/DSC0971-1024x683.jpg\" class=\"attachment-large size-large wp-image-150\" alt=\"elevage beagle\" srcset=\"https:\/\/bray-bocage-education.com\/wp-content\/uploads\/2023\/09\/DSC0971-1024x683.jpg 1024w, https:\/\/bray-bocage-education.com\/wp-content\/uploads\/2023\/09\/DSC0971-300x200.jpg 300w, https:\/\/bray-bocage-education.com\/wp-content\/uploads\/2023\/09\/DSC0971-768x512.jpg 768w, https:\/\/bray-bocage-education.com\/wp-content\/uploads\/2023\/09\/DSC0971-1536x1024.jpg 1536w, https:\/\/bray-bocage-education.com\/wp-content\/uploads\/2023\/09\/DSC0971-2048x1365.jpg 2048w\" sizes=\"(max-width: 1024px) 100vw, 1024px\" \/>\t\t\t\t\t\t\t\t\t\t\t\t\t\t\t<\/div>\n\t\t\t\t<\/div>\n\t\t\t\t<\/div>\n\t\t<div class=\"elementor-element elementor-element-03b3e84 e-con-full e-flex e-con e-child\" data-id=\"03b3e84\" data-element_type=\"container\" data-e-type=\"container\">\n\t\t\t\t<div class=\"elementor-element elementor-element-a3e8080 elementor-widget elementor-widget-image\" data-id=\"a3e8080\" data-element_type=\"widget\" data-e-type=\"widget\" data-widget_type=\"image.default\">\n\t\t\t\t<div class=\"elementor-widget-container\">\n\t\t\t\t\t\t\t\t\t\t\t\t\t\t\t<img loading=\"lazy\" decoding=\"async\" width=\"683\" height=\"1024\" src=\"https:\/\/bray-bocage-education.com\/wp-content\/uploads\/2023\/09\/DSC0857-683x1024.jpg\" class=\"attachment-large size-large wp-image-141\" alt=\"elevage tervueren\" srcset=\"https:\/\/bray-bocage-education.com\/wp-content\/uploads\/2023\/09\/DSC0857-683x1024.jpg 683w, https:\/\/bray-bocage-education.com\/wp-content\/uploads\/2023\/09\/DSC0857-200x300.jpg 200w, https:\/\/bray-bocage-education.com\/wp-content\/uploads\/2023\/09\/DSC0857-768x1152.jpg 768w, https:\/\/bray-bocage-education.com\/wp-content\/uploads\/2023\/09\/DSC0857-1024x1536.jpg 1024w, https:\/\/bray-bocage-education.com\/wp-content\/uploads\/2023\/09\/DSC0857-1365x2048.jpg 1365w, https:\/\/bray-bocage-education.com\/wp-content\/uploads\/2023\/09\/DSC0857-scaled.jpg 1707w\" sizes=\"(max-width: 683px) 100vw, 683px\" \/>\t\t\t\t\t\t\t\t\t\t\t\t\t\t\t<\/div>\n\t\t\t\t<\/div>\n\t\t\t\t<\/div>\n\t\t<div class=\"elementor-element elementor-element-4045304 e-con-full e-flex e-con e-child\" data-id=\"4045304\" data-element_type=\"container\" data-e-type=\"container\">\n\t\t\t\t<div class=\"elementor-element elementor-element-49963f6 elementor-widget elementor-widget-text-editor\" data-id=\"49963f6\" data-element_type=\"widget\" data-e-type=\"widget\" data-widget_type=\"text-editor.default\">\n\t\t\t\t<div class=\"elementor-widget-container\">\n\t\t\t\t\t\t\t\t\t<p>Mais le besoin de voler de mes propres ailes \u00e9tait trop fort.<\/p><p>J\u2019avais l\u2019acaced en poche depuis 2008 et forte de mon exp\u00e9rience j\u2019ai commenc\u00e9 \u00e0 proposer mon aide en \u00e9ducation canine en 2017 tout en continuant de me former.<\/p><p>2016\u00a0: stage chiens r\u00e9actifs de V\u00e9ronique Valy, conf\u00e9rence Dog revolution.<\/p><p>2017\u00a0: stage treiball, mantrailing de V\u00e9ronique Valy<\/p><p>2018\u00a0: formation PECRAM sur la pr\u00e9vention des morsures<\/p><p>2019\u00a0: formation soins coop\u00e9ratifs niveau 1 de Muzo<\/p><p>2019\/2023\u00a0: stage conduite de troupeau avec Myriam Qui\u00e9 de Dog Connexion, Julien Robert de Connivence<\/p><p>En septembre 2020, ayant des difficult\u00e9s \u00e0 trouver un intervenant mantrailing pour ma client\u00e8le, je d\u00e9cide de me former moi m\u00eame \u00e0 Mantrailing France chez Ann-Jo Proos et c\u2019est une r\u00e9v\u00e9lation.<\/p><p>J\u2019encha\u00eene les stages (septembre 2021, janvier 2022) puis je passe l\u2019instructorat en 2022 avec Indy puis l\u2019instructorat d\u00e9tection sportive en 2023 avec Sakura. Je continue d\u2019aller r\u00e9guli\u00e8rement travailler l\u00e0 bas.<\/p>\t\t\t\t\t\t\t\t<\/div>\n\t\t\t\t<\/div>\n\t\t\t\t<\/div>\n\t\t\t\t\t<\/div>\n\t\t\t\t<\/div>\n\t\t<div class=\"elementor-element elementor-element-c26784c e-flex e-con-boxed e-con e-parent\" data-id=\"c26784c\" data-element_type=\"container\" data-e-type=\"container\">\n\t\t\t\t\t<div class=\"e-con-inner\">\n\t\t<div class=\"elementor-element elementor-element-16897f8 e-con-full e-flex e-con e-child\" data-id=\"16897f8\" data-element_type=\"container\" data-e-type=\"container\">\n\t\t\t\t<div class=\"elementor-element elementor-element-fc2516f elementor-widget elementor-widget-text-editor\" data-id=\"fc2516f\" data-element_type=\"widget\" data-e-type=\"widget\" data-widget_type=\"text-editor.default\">\n\t\t\t\t<div class=\"elementor-widget-container\">\n\t\t\t\t\t\t\t\t\t<p>Concernant l\u2019\u00e9ducation et le comportement, j\u2019ai privil\u00e9gi\u00e9 durant cette p\u00e9riode les formations \u00e0 distance de Muzo :<\/p><p>&#8211; marche en laisse<\/p><p>&#8211; balades collectives<\/p><p>Mon exp\u00e9rience pratique ne cesse de s\u2019enrichir avec des chiens tr\u00e8s vari\u00e9s accueillis en pension et\/ ou accompagn\u00e9s en \u00e9ducation ou pour les activit\u00e9s. Pour autant, cette pratique ne doit jamais cesser d\u2019\u00eatre \u00e9clair\u00e9e par des mises \u00e0 jour th\u00e9oriques et scientifiques, des \u00e9changes lors de formations.<\/p>\t\t\t\t\t\t\t\t<\/div>\n\t\t\t\t<\/div>\n\t\t\t\t<\/div>\n\t\t<div class=\"elementor-element elementor-element-c0b8044 e-con-full e-flex e-con e-child\" data-id=\"c0b8044\" data-element_type=\"container\" data-e-type=\"container\">\n\t\t\t\t<div class=\"elementor-element elementor-element-b4a1f78 elementor-widget elementor-widget-image\" data-id=\"b4a1f78\" data-element_type=\"widget\" data-e-type=\"widget\" data-widget_type=\"image.default\">\n\t\t\t\t<div class=\"elementor-widget-container\">\n\t\t\t\t\t\t\t\t\t\t\t\t\t\t\t<img loading=\"lazy\" decoding=\"async\" width=\"280\" height=\"420\" src=\"https:\/\/bray-bocage-education.com\/wp-content\/uploads\/2023\/10\/393998522_204183379373433_8108390862070578274_n.jpg\" class=\"attachment-large size-large wp-image-653\" alt=\"\" srcset=\"https:\/\/bray-bocage-education.com\/wp-content\/uploads\/2023\/10\/393998522_204183379373433_8108390862070578274_n.jpg 280w, https:\/\/bray-bocage-education.com\/wp-content\/uploads\/2023\/10\/393998522_204183379373433_8108390862070578274_n-200x300.jpg 200w\" sizes=\"(max-width: 280px) 100vw, 280px\" \/>\t\t\t\t\t\t\t\t\t\t\t\t\t\t\t<\/div>\n\t\t\t\t<\/div>\n\t\t\t\t<\/div>\n\t\t\t\t\t<\/div>\n\t\t\t\t<\/div>\n\t\t\t\t<\/div>\n\t\t","protected":false},"excerpt":{"rendered":"<p>Je m\u2019appelle Anne GIOVANNINI. Je ne vous ferais pas le lai\u00fcs ordinaire \u00ab\u00a0Depuis ma plus tendre enfance, j\u2019ai toujours aim\u00e9 les chiens\u2026 etc\u00a0\u00bb. Il est bien \u00e9vident que lorsqu\u2019on en arrive \u00e0 faire ce m\u00e9tier, c\u2019est au-del\u00e0 de l\u2019amour des chiens. C\u2019est servir une cause. C\u2019est aussi et surtout se mettre aussi au service des &#8230; <\/p>\n<p class=\"read-more-container\"><a title=\"Qui suis-je?\" class=\"read-more button\" href=\"https:\/\/bray-bocage-education.com\/index.php\/qui-suis-je\/#more-690\" aria-label=\"Plus sur Qui suis-je?\">Read More<\/a><\/p>\n","protected":false},"author":1,"featured_media":0,"parent":0,"menu_order":0,"comment_status":"closed","ping_status":"closed","template":"","meta":{"two_page_speed":[],"footnotes":""},"class_list":["post-690","page","type-page","status-publish"],"aioseo_notices":[],"_links":{"self":[{"href":"https:\/\/bray-bocage-education.com\/index.php\/wp-json\/wp\/v2\/pages\/690","targetHints":{"allow":["GET"]}}],"collection":[{"href":"https:\/\/bray-bocage-education.com\/index.php\/wp-json\/wp\/v2\/pages"}],"about":[{"href":"https:\/\/bray-bocage-education.com\/index.php\/wp-json\/wp\/v2\/types\/page"}],"author":[{"embeddable":true,"href":"https:\/\/bray-bocage-education.com\/index.php\/wp-json\/wp\/v2\/users\/1"}],"replies":[{"embeddable":true,"href":"https:\/\/bray-bocage-education.com\/index.php\/wp-json\/wp\/v2\/comments?post=690"}],"version-history":[{"count":4,"href":"https:\/\/bray-bocage-education.com\/index.php\/wp-json\/wp\/v2\/pages\/690\/revisions"}],"predecessor-version":[{"id":694,"href":"https:\/\/bray-bocage-education.com\/index.php\/wp-json\/wp\/v2\/pages\/690\/revisions\/694"}],"wp:attachment":[{"href":"https:\/\/bray-bocage-education.com\/index.php\/wp-json\/wp\/v2\/media?parent=690"}],"curies":[{"name":"wp","href":"https:\/\/api.w.org\/{rel}","templated":true}]}}