{"id":709,"date":"2023-11-09T10:11:07","date_gmt":"2023-11-09T09:11:07","guid":{"rendered":"https:\/\/bray-bocage-education.com\/?page_id=709"},"modified":"2025-09-04T09:28:57","modified_gmt":"2025-09-04T07:28:57","slug":"notre-pension","status":"publish","type":"page","link":"https:\/\/bray-bocage-education.com\/index.php\/notre-pension\/","title":{"rendered":"Notre pension"},"content":{"rendered":"\t\t<div data-elementor-type=\"wp-page\" data-elementor-id=\"709\" class=\"elementor elementor-709\">\n\t\t\t\t<div class=\"elementor-element elementor-element-f608a9f e-flex e-con-boxed e-con e-parent\" data-id=\"f608a9f\" data-element_type=\"container\" data-e-type=\"container\">\n\t\t\t\t\t<div class=\"e-con-inner\">\n\t\t<div class=\"elementor-element elementor-element-515a7b3 e-con-full e-flex e-con e-child\" data-id=\"515a7b3\" data-element_type=\"container\" data-e-type=\"container\">\n\t\t\t\t<div class=\"elementor-element elementor-element-6c8818d elementor-widget elementor-widget-image\" data-id=\"6c8818d\" data-element_type=\"widget\" data-e-type=\"widget\" data-widget_type=\"image.default\">\n\t\t\t\t<div class=\"elementor-widget-container\">\n\t\t\t\t\t\t\t\t\t\t\t\t\t\t\t<img fetchpriority=\"high\" decoding=\"async\" width=\"280\" height=\"280\" src=\"https:\/\/bray-bocage-education.com\/wp-content\/uploads\/2023\/11\/400660716_6737592099622394_6877004179173956581_n.jpg\" class=\"attachment-large size-large wp-image-711\" alt=\"pension chien\" srcset=\"https:\/\/bray-bocage-education.com\/wp-content\/uploads\/2023\/11\/400660716_6737592099622394_6877004179173956581_n.jpg 280w, https:\/\/bray-bocage-education.com\/wp-content\/uploads\/2023\/11\/400660716_6737592099622394_6877004179173956581_n-150x150.jpg 150w\" sizes=\"(max-width: 280px) 100vw, 280px\" \/>\t\t\t\t\t\t\t\t\t\t\t\t\t\t\t<\/div>\n\t\t\t\t<\/div>\n\t\t\t\t<div class=\"elementor-element elementor-element-6e2be57 elementor-widget elementor-widget-text-editor\" data-id=\"6e2be57\" data-element_type=\"widget\" data-e-type=\"widget\" data-widget_type=\"text-editor.default\">\n\t\t\t\t<div class=\"elementor-widget-container\">\n\t\t\t\t\t\t\t\t\t<p>C\u2019est tout naturellement que le besoin de service de pension s\u2019est fait ressentir, tant pour les chiens de l\u2019\u00e9levage que pour les chiens suivis en \u00e9ducation.<\/p><p>Ils connaissent d\u00e9j\u00e0 les lieux, me connaissent, ce qui facilite leur adaptation.<\/p><p>Nous pouvons donc les h\u00e9berger dans le chalet divis\u00e9 en cas grands boxs, pouvant accueillir les chiens d\u2019un m\u00eame foyer en semble jusqu\u2019\u00e0 2 ou 6 selon leur taille. Chaque box dispose d\u2019une trappe vers un jardin ext\u00e9rieur de 30 \u00e0 50m2.<\/p><p>Les chiens b\u00e9n\u00e9ficient de 2 sorties par jour sur les 2 hectares de prairie.<\/p><p>Vous pouvez aussi choisir une formule avec des balades en ext\u00e9rieur en suppl\u00e9ment.<\/p><p>N&rsquo;h\u00e9sitez pas \u00e0 nous contacter pour en savoir plus.<\/p>\t\t\t\t\t\t\t\t<\/div>\n\t\t\t\t<\/div>\n\t\t\t\t<\/div>\n\t\t\t\t\t<\/div>\n\t\t\t\t<\/div>\n\t\t<div class=\"elementor-element elementor-element-36cc9ab e-flex e-con-boxed e-con e-parent\" data-id=\"36cc9ab\" data-element_type=\"container\" data-e-type=\"container\">\n\t\t\t\t\t<div class=\"e-con-inner\">\n\t\t<div class=\"elementor-element elementor-element-90e0400 e-con-full e-flex e-con e-child\" data-id=\"90e0400\" data-element_type=\"container\" data-e-type=\"container\">\n\t\t\t\t<div class=\"elementor-element elementor-element-2509f56 elementor-widget elementor-widget-image\" data-id=\"2509f56\" data-element_type=\"widget\" data-e-type=\"widget\" data-widget_type=\"image.default\">\n\t\t\t\t<div class=\"elementor-widget-container\">\n\t\t\t\t\t\t\t\t\t\t\t\t\t\t\t<img decoding=\"async\" width=\"768\" height=\"1024\" src=\"https:\/\/bray-bocage-education.com\/wp-content\/uploads\/2025\/01\/received_608281491746284-768x1024.jpeg\" class=\"attachment-large size-large wp-image-758\" alt=\"\" srcset=\"https:\/\/bray-bocage-education.com\/wp-content\/uploads\/2025\/01\/received_608281491746284-768x1024.jpeg 768w, https:\/\/bray-bocage-education.com\/wp-content\/uploads\/2025\/01\/received_608281491746284-225x300.jpeg 225w, https:\/\/bray-bocage-education.com\/wp-content\/uploads\/2025\/01\/received_608281491746284-450x600.jpeg 450w, https:\/\/bray-bocage-education.com\/wp-content\/uploads\/2025\/01\/received_608281491746284.jpeg 960w\" sizes=\"(max-width: 768px) 100vw, 768px\" \/>\t\t\t\t\t\t\t\t\t\t\t\t\t\t\t<\/div>\n\t\t\t\t<\/div>\n\t\t\t\t<\/div>\n\t\t<div class=\"elementor-element elementor-element-1e866fd e-con-full e-flex e-con e-child\" data-id=\"1e866fd\" data-element_type=\"container\" data-e-type=\"container\">\n\t\t\t\t<div class=\"elementor-element elementor-element-866835c elementor-widget elementor-widget-image\" data-id=\"866835c\" data-element_type=\"widget\" data-e-type=\"widget\" data-widget_type=\"image.default\">\n\t\t\t\t<div class=\"elementor-widget-container\">\n\t\t\t\t\t\t\t\t\t\t\t\t\t\t\t<img decoding=\"async\" width=\"1024\" height=\"768\" src=\"https:\/\/bray-bocage-education.com\/wp-content\/uploads\/2025\/01\/received_1108123207679031-1024x768.jpeg\" class=\"attachment-large size-large wp-image-757\" alt=\"pension chiens\" srcset=\"https:\/\/bray-bocage-education.com\/wp-content\/uploads\/2025\/01\/received_1108123207679031-1024x768.jpeg 1024w, https:\/\/bray-bocage-education.com\/wp-content\/uploads\/2025\/01\/received_1108123207679031-300x225.jpeg 300w, https:\/\/bray-bocage-education.com\/wp-content\/uploads\/2025\/01\/received_1108123207679031-768x576.jpeg 768w, https:\/\/bray-bocage-education.com\/wp-content\/uploads\/2025\/01\/received_1108123207679031-600x450.jpeg 600w, https:\/\/bray-bocage-education.com\/wp-content\/uploads\/2025\/01\/received_1108123207679031.jpeg 1280w\" sizes=\"(max-width: 1024px) 100vw, 1024px\" \/>\t\t\t\t\t\t\t\t\t\t\t\t\t\t\t<\/div>\n\t\t\t\t<\/div>\n\t\t\t\t<div class=\"elementor-element elementor-element-a77347d elementor-widget elementor-widget-text-editor\" data-id=\"a77347d\" data-element_type=\"widget\" data-e-type=\"widget\" data-widget_type=\"text-editor.default\">\n\t\t\t\t<div class=\"elementor-widget-container\">\n\t\t\t\t\t\t\t\t\t<p>Pour leur plus grand confort nous avons refait nos box de pension avec un sol ne contenant aucun polluant de contact et une pompe \u00e0 chaleur r\u00e9versible.<\/p>\t\t\t\t\t\t\t\t<\/div>\n\t\t\t\t<\/div>\n\t\t\t\t<\/div>\n\t\t\t\t\t<\/div>\n\t\t\t\t<\/div>\n\t\t<div class=\"elementor-element elementor-element-4c4893c e-flex e-con-boxed e-con e-parent\" data-id=\"4c4893c\" data-element_type=\"container\" data-e-type=\"container\">\n\t\t\t\t\t<div class=\"e-con-inner\">\n\t\t\t\t<div class=\"elementor-element elementor-element-4c8795f elementor-icon-list--layout-traditional elementor-list-item-link-full_width elementor-widget elementor-widget-icon-list\" data-id=\"4c8795f\" data-element_type=\"widget\" data-e-type=\"widget\" data-widget_type=\"icon-list.default\">\n\t\t\t\t<div class=\"elementor-widget-container\">\n\t\t\t\t\t\t\t<ul class=\"elementor-icon-list-items\">\n\t\t\t\t\t\t\t<li class=\"elementor-icon-list-item\">\n\t\t\t\t\t\t\t\t\t\t\t<span class=\"elementor-icon-list-icon\">\n\t\t\t\t\t\t\t<i aria-hidden=\"true\" class=\"fas fa-calendar-day\"><\/i>\t\t\t\t\t\t<\/span>\n\t\t\t\t\t\t\t\t\t\t<span class=\"elementor-icon-list-text\">25 \u20ac \/ jour en formule de base<\/span>\n\t\t\t\t\t\t\t\t\t<\/li>\n\t\t\t\t\t\t\t\t<li class=\"elementor-icon-list-item\">\n\t\t\t\t\t\t\t\t\t\t\t<span class=\"elementor-icon-list-icon\">\n\t\t\t\t\t\t\t<i aria-hidden=\"true\" class=\"fas fa-dog\"><\/i>\t\t\t\t\t\t<\/span>\n\t\t\t\t\t\t\t\t\t\t<span class=\"elementor-icon-list-text\">5 \u20ac la balade en groupe<\/span>\n\t\t\t\t\t\t\t\t\t<\/li>\n\t\t\t\t\t\t\t\t<li class=\"elementor-icon-list-item\">\n\t\t\t\t\t\t\t\t\t\t\t<span class=\"elementor-icon-list-icon\">\n\t\t\t\t\t\t\t<i aria-hidden=\"true\" class=\"fas fa-asterisk\"><\/i>\t\t\t\t\t\t<\/span>\n\t\t\t\t\t\t\t\t\t\t<span class=\"elementor-icon-list-text\">15 \u20ac la balade individuelle<\/span>\n\t\t\t\t\t\t\t\t\t<\/li>\n\t\t\t\t\t\t<\/ul>\n\t\t\t\t\t\t<\/div>\n\t\t\t\t<\/div>\n\t\t\t\t\t<\/div>\n\t\t\t\t<\/div>\n\t\t\t\t<\/div>\n\t\t","protected":false},"excerpt":{"rendered":"<p>C\u2019est tout naturellement que le besoin de service de pension s\u2019est fait ressentir, tant pour les chiens de l\u2019\u00e9levage que pour les chiens suivis en \u00e9ducation. Ils connaissent d\u00e9j\u00e0 les lieux, me connaissent, ce qui facilite leur adaptation. Nous pouvons donc les h\u00e9berger dans le chalet divis\u00e9 en cas grands boxs, pouvant accueillir les chiens &#8230; <\/p>\n<p class=\"read-more-container\"><a title=\"Notre pension\" class=\"read-more button\" href=\"https:\/\/bray-bocage-education.com\/index.php\/notre-pension\/#more-709\" aria-label=\"Plus sur Notre pension\">Read More<\/a><\/p>\n","protected":false},"author":1,"featured_media":0,"parent":0,"menu_order":0,"comment_status":"closed","ping_status":"closed","template":"","meta":{"two_page_speed":[],"footnotes":""},"class_list":["post-709","page","type-page","status-publish"],"aioseo_notices":[],"_links":{"self":[{"href":"https:\/\/bray-bocage-education.com\/index.php\/wp-json\/wp\/v2\/pages\/709","targetHints":{"allow":["GET"]}}],"collection":[{"href":"https:\/\/bray-bocage-education.com\/index.php\/wp-json\/wp\/v2\/pages"}],"about":[{"href":"https:\/\/bray-bocage-education.com\/index.php\/wp-json\/wp\/v2\/types\/page"}],"author":[{"embeddable":true,"href":"https:\/\/bray-bocage-education.com\/index.php\/wp-json\/wp\/v2\/users\/1"}],"replies":[{"embeddable":true,"href":"https:\/\/bray-bocage-education.com\/index.php\/wp-json\/wp\/v2\/comments?post=709"}],"version-history":[{"count":19,"href":"https:\/\/bray-bocage-education.com\/index.php\/wp-json\/wp\/v2\/pages\/709\/revisions"}],"predecessor-version":[{"id":774,"href":"https:\/\/bray-bocage-education.com\/index.php\/wp-json\/wp\/v2\/pages\/709\/revisions\/774"}],"wp:attachment":[{"href":"https:\/\/bray-bocage-education.com\/index.php\/wp-json\/wp\/v2\/media?parent=709"}],"curies":[{"name":"wp","href":"https:\/\/api.w.org\/{rel}","templated":true}]}}